{"id":577,"date":"2024-11-21T16:53:15","date_gmt":"2024-11-21T15:53:15","guid":{"rendered":"https:\/\/nijegaast.nl\/kinderopvang\/?page_id=577"},"modified":"2025-01-02T15:57:55","modified_gmt":"2025-01-02T14:57:55","slug":"opvang-wijzigen-of-beeindigen","status":"publish","type":"page","link":"https:\/\/nijegaast.nl\/kinderopvang\/opvang-wijzigen-of-beeindigen\/","title":{"rendered":"Opvang wijzigen of be\u00ebindigen"},"content":{"rendered":"<div class=\"content-wrapper container\">\n<div class=\"row\">\n<div class=\"col-md-10 col-md-offset-1 content\">\n<div class=\"txt\">\n<div class=\"text\"><b>Be\u00ebindigen kinderopvang<\/b><br \/>\nBij be\u00ebindiging van een kinderopvang-abonnement hebben jullie, volgens de algemene voorwaarden, \u00e9\u00e9n maand opzegtermijn.<\/div>\n<div><\/div>\n<div class=\"text\">De termijn gaat in op de dag dat wij jullie opzegging ontvangen via mail naar de afdeling administratie en planning van Kinderopvang Nije Gaast: <a href=\"mailto:kinderopvang@nijegaast.nl\">kinderopvang@nijegaast.nl<\/a>. Dit kan dus op elke willekeurige dag van de maand.<\/div>\n<\/div>\n<\/div>\n<\/div>\n<\/div>\n","protected":false},"excerpt":{"rendered":"<p>Be\u00ebindigen kinderopvang Bij be\u00ebindiging van een kinderopvang-abonnement hebben jullie, volgens de algemene voorwaarden, \u00e9\u00e9n maand opzegtermijn. De termijn gaat in op de dag dat wij jullie opzegging ontvangen via mail naar de afdeling administratie en planning van Kinderopvang Nije Gaast: kinderopvang@nijegaast.nl. Dit kan dus op elke willekeurige dag van de maand.<\/p>\n","protected":false},"author":1,"featured_media":0,"parent":0,"menu_order":0,"comment_status":"closed","ping_status":"closed","template":"","meta":{"_acf_changed":false,"inline_featured_image":false,"footnotes":""},"class_list":["post-577","page","type-page","status-publish","hentry"],"acf":[],"_links":{"self":[{"href":"https:\/\/nijegaast.nl\/kinderopvang\/wp-json\/wp\/v2\/pages\/577","targetHints":{"allow":["GET"]}}],"collection":[{"href":"https:\/\/nijegaast.nl\/kinderopvang\/wp-json\/wp\/v2\/pages"}],"about":[{"href":"https:\/\/nijegaast.nl\/kinderopvang\/wp-json\/wp\/v2\/types\/page"}],"author":[{"embeddable":true,"href":"https:\/\/nijegaast.nl\/kinderopvang\/wp-json\/wp\/v2\/users\/1"}],"replies":[{"embeddable":true,"href":"https:\/\/nijegaast.nl\/kinderopvang\/wp-json\/wp\/v2\/comments?post=577"}],"version-history":[{"count":5,"href":"https:\/\/nijegaast.nl\/kinderopvang\/wp-json\/wp\/v2\/pages\/577\/revisions"}],"predecessor-version":[{"id":818,"href":"https:\/\/nijegaast.nl\/kinderopvang\/wp-json\/wp\/v2\/pages\/577\/revisions\/818"}],"wp:attachment":[{"href":"https:\/\/nijegaast.nl\/kinderopvang\/wp-json\/wp\/v2\/media?parent=577"}],"curies":[{"name":"wp","href":"https:\/\/api.w.org\/{rel}","templated":true}]}}