{"id":80,"date":"2023-11-07T08:51:17","date_gmt":"2023-11-07T08:51:17","guid":{"rendered":"https:\/\/nijegaast.nl\/dewalikker\/?page_id=80"},"modified":"2024-10-02T09:07:59","modified_gmt":"2024-10-02T07:07:59","slug":"leerlingenraad","status":"publish","type":"page","link":"https:\/\/nijegaast.nl\/dewalikker\/leerlingenraad\/","title":{"rendered":"Leerlingenraad"},"content":{"rendered":"<p class=\"x_elementToProof\">Onze school heeft een leerlingenraad. De leerlingenraad\u00a0is onderdeel van ons onderwijs in <strong>Actief Burgerschap<\/strong>. De leerlingenraad bestaat uit zes leerlingen uit de groepen 6, 7 en 8. Zij overleggen 5 a 6 keer per jaar met de directeur en denken mee over zaken die de leerlingen van De W\u00e2likker belangrijk vinden. De leerlingenraad heeft een eigen idee\u00ebnbus, waar andere leerlingen hun idee\u00ebn in kunnen doen. Ook verzorgt de leerlingenraad de rondleiding door de school voor nieuwe ouders en andere belangstellenden. De leerlingen in de leerlingenraad\u00a0zijn gekozen door hun klasgenoten.<\/p>\n<p>De leerlingenraad van schooljaar 2024-2025 bestaat uit: Wesley, Jildau, Jorn, Femke, Julia en Anouk.<\/p>\n","protected":false},"excerpt":{"rendered":"<p>Onze school heeft een leerlingenraad. De leerlingenraad\u00a0is onderdeel van ons onderwijs in Actief Burgerschap. De leerlingenraad bestaat uit zes leerlingen uit de groepen 6, 7 en 8. Zij overleggen 5 a 6 keer per jaar met de directeur en denken mee over zaken die de leerlingen van De W\u00e2likker belangrijk vinden. De leerlingenraad heeft een [&hellip;]<\/p>\n","protected":false},"author":1,"featured_media":0,"parent":0,"menu_order":0,"comment_status":"closed","ping_status":"closed","template":"","meta":{"_acf_changed":false,"inline_featured_image":false,"footnotes":""},"class_list":["post-80","page","type-page","status-publish","hentry"],"acf":[],"_links":{"self":[{"href":"https:\/\/nijegaast.nl\/dewalikker\/wp-json\/wp\/v2\/pages\/80","targetHints":{"allow":["GET"]}}],"collection":[{"href":"https:\/\/nijegaast.nl\/dewalikker\/wp-json\/wp\/v2\/pages"}],"about":[{"href":"https:\/\/nijegaast.nl\/dewalikker\/wp-json\/wp\/v2\/types\/page"}],"author":[{"embeddable":true,"href":"https:\/\/nijegaast.nl\/dewalikker\/wp-json\/wp\/v2\/users\/1"}],"replies":[{"embeddable":true,"href":"https:\/\/nijegaast.nl\/dewalikker\/wp-json\/wp\/v2\/comments?post=80"}],"version-history":[{"count":5,"href":"https:\/\/nijegaast.nl\/dewalikker\/wp-json\/wp\/v2\/pages\/80\/revisions"}],"predecessor-version":[{"id":536,"href":"https:\/\/nijegaast.nl\/dewalikker\/wp-json\/wp\/v2\/pages\/80\/revisions\/536"}],"wp:attachment":[{"href":"https:\/\/nijegaast.nl\/dewalikker\/wp-json\/wp\/v2\/media?parent=80"}],"curies":[{"name":"wp","href":"https:\/\/api.w.org\/{rel}","templated":true}]}}